{"id":679,"date":"2022-02-27T14:35:09","date_gmt":"2022-02-27T13:35:09","guid":{"rendered":"https:\/\/ateliermellony.com\/?post_type=product&#038;p=679"},"modified":"2022-12-14T15:41:28","modified_gmt":"2022-12-14T14:41:28","slug":"bougie-mille-et-une-nuits","status":"publish","type":"product","link":"https:\/\/ateliermellony.com\/index.php\/produit\/bougie-mille-et-une-nuits\/","title":{"rendered":"Bougie Mille Et Une Nuits"},"content":{"rendered":"<p>Bougie 80g, 180g ou 200g parfum\u00e9e, Mille Et Une Nuits et sa m\u00e8che en bois!<\/p>\n<p>(m\u00e8che en coton pour la bougie 80g).<\/p>\n<p>90% Cire de Colza.<\/p>\n<p>10% de parfum.<\/p>\n<p>Fabrication artisanale.<\/p>\n<p>&nbsp;<\/p>\n<p>Type de senteur:\u00a0Balsamique, Bois\u00e9e, Epic\u00e9e, Fruit\u00e9e, Orientale<\/p>\n<p>Notes de T\u00eate: Bergamote, ciste<\/p>\n<p>Notes de C\u0153ur: Safranal, c\u00e8dre maroc, f\u00e8ves tonka<\/p>\n<p>Notes de Fond: Tabac, oud, patchouli, vanille<\/p>\n","protected":false},"excerpt":{"rendered":"<p>Bougie 80g, 180g ou 200g parfum\u00e9e Mille Et Une Nuits et sa m\u00e8che en bois (ou m\u00e8che coton pour la bougie de 80g).<\/p>\n<p>\u00c9vadez-vous avec cette bougie envoutante. Les senteurs bois\u00e9es et \u00e9pic\u00e9es enivreront vos sens, transformant votre int\u00e9rieur en palais des Mille et une nuits.<\/p>\n<p>D\u00e9lais de Fabrication 2 \u00e0 5 jours.<\/p>\n<p>&nbsp;<\/p>\n<p>&nbsp;<\/p>\n<p>&nbsp;<\/p>\n","protected":false},"featured_media":702,"comment_status":"open","ping_status":"closed","template":"","meta":[],"product_brand":[],"product_cat":[49,33,64],"product_tag":[67,65,66],"class_list":{"0":"post-679","1":"product","2":"type-product","3":"status-publish","4":"has-post-thumbnail","6":"product_cat-bougies","7":"product_cat-bougies-senteurs-fondants","8":"product_cat-nouveautes","9":"product_tag-bougie","10":"product_tag-mille-et-une-nuit","11":"product_tag-orient","13":"first","14":"instock","15":"shipping-taxable","16":"purchasable","17":"product-type-variable"},"jetpack_sharing_enabled":true,"_links":{"self":[{"href":"https:\/\/ateliermellony.com\/index.php\/wp-json\/wp\/v2\/product\/679","targetHints":{"allow":["GET"]}}],"collection":[{"href":"https:\/\/ateliermellony.com\/index.php\/wp-json\/wp\/v2\/product"}],"about":[{"href":"https:\/\/ateliermellony.com\/index.php\/wp-json\/wp\/v2\/types\/product"}],"replies":[{"embeddable":true,"href":"https:\/\/ateliermellony.com\/index.php\/wp-json\/wp\/v2\/comments?post=679"}],"wp:featuredmedia":[{"embeddable":true,"href":"https:\/\/ateliermellony.com\/index.php\/wp-json\/wp\/v2\/media\/702"}],"wp:attachment":[{"href":"https:\/\/ateliermellony.com\/index.php\/wp-json\/wp\/v2\/media?parent=679"}],"wp:term":[{"taxonomy":"product_brand","embeddable":true,"href":"https:\/\/ateliermellony.com\/index.php\/wp-json\/wp\/v2\/product_brand?post=679"},{"taxonomy":"product_cat","embeddable":true,"href":"https:\/\/ateliermellony.com\/index.php\/wp-json\/wp\/v2\/product_cat?post=679"},{"taxonomy":"product_tag","embeddable":true,"href":"https:\/\/ateliermellony.com\/index.php\/wp-json\/wp\/v2\/product_tag?post=679"}],"curies":[{"name":"wp","href":"https:\/\/api.w.org\/{rel}","templated":true}]}}