{"id":660,"date":"2022-02-24T11:32:08","date_gmt":"2022-02-24T10:32:08","guid":{"rendered":"https:\/\/ateliermellony.com\/?post_type=product&#038;p=660"},"modified":"2022-12-14T15:47:03","modified_gmt":"2022-12-14T14:47:03","slug":"bougie-figue","status":"publish","type":"product","link":"https:\/\/ateliermellony.com\/index.php\/produit\/bougie-figue\/","title":{"rendered":"Bougie Figue"},"content":{"rendered":"<p>Bougie 180g parfum\u00e9e, Figue et sa m\u00e8che en bois!<\/p>\n<p>90% Cire de Colza.<\/p>\n<p>10% de parfum.<\/p>\n<p>Fabrication artisanale.<\/p>\n<p>&nbsp;<\/p>\n<p>Type de senteur: Fruit\u00e9e<\/p>\n<p>Notes de T\u00eate: Feuille de figuier, menthe<\/p>\n<p>Notes de C\u0153ur: Figue, c\u00e8dre, jasmin<\/p>\n<p>Notes de Fond: Figuier, f\u00e8ve tonka, santal<\/p>\n","protected":false},"excerpt":{"rendered":"<p>Bougie 80g, 180g ou 200g, parfum\u00e9e Figue et sa m\u00e8che en bois.<\/p>\n<p>Pour parfumer votre int\u00e9rieur d\u2019une d\u00e9licate odeur v\u00e9g\u00e9tale et fruit\u00e9e qui vous plongera en plein \u00e9t\u00e9 sous les figuiers Corses.<\/p>\n<p>D\u00e9lais de Fabrication 2 \u00e0 5 jours.<\/p>\n<p>&nbsp;<\/p>\n<p>&nbsp;<\/p>\n<p>&nbsp;<\/p>\n","protected":false},"featured_media":662,"comment_status":"open","ping_status":"closed","template":"","meta":[],"product_brand":[],"product_cat":[49,33,64],"product_tag":[67,69,70],"class_list":{"0":"post-660","1":"product","2":"type-product","3":"status-publish","4":"has-post-thumbnail","6":"product_cat-bougies","7":"product_cat-bougies-senteurs-fondants","8":"product_cat-nouveautes","9":"product_tag-bougie","10":"product_tag-figue","11":"product_tag-figuier","13":"first","14":"instock","15":"shipping-taxable","16":"purchasable","17":"product-type-variable"},"jetpack_sharing_enabled":true,"_links":{"self":[{"href":"https:\/\/ateliermellony.com\/index.php\/wp-json\/wp\/v2\/product\/660","targetHints":{"allow":["GET"]}}],"collection":[{"href":"https:\/\/ateliermellony.com\/index.php\/wp-json\/wp\/v2\/product"}],"about":[{"href":"https:\/\/ateliermellony.com\/index.php\/wp-json\/wp\/v2\/types\/product"}],"replies":[{"embeddable":true,"href":"https:\/\/ateliermellony.com\/index.php\/wp-json\/wp\/v2\/comments?post=660"}],"wp:featuredmedia":[{"embeddable":true,"href":"https:\/\/ateliermellony.com\/index.php\/wp-json\/wp\/v2\/media\/662"}],"wp:attachment":[{"href":"https:\/\/ateliermellony.com\/index.php\/wp-json\/wp\/v2\/media?parent=660"}],"wp:term":[{"taxonomy":"product_brand","embeddable":true,"href":"https:\/\/ateliermellony.com\/index.php\/wp-json\/wp\/v2\/product_brand?post=660"},{"taxonomy":"product_cat","embeddable":true,"href":"https:\/\/ateliermellony.com\/index.php\/wp-json\/wp\/v2\/product_cat?post=660"},{"taxonomy":"product_tag","embeddable":true,"href":"https:\/\/ateliermellony.com\/index.php\/wp-json\/wp\/v2\/product_tag?post=660"}],"curies":[{"name":"wp","href":"https:\/\/api.w.org\/{rel}","templated":true}]}}