{"id":1899,"date":"2026-02-28T12:37:10","date_gmt":"2026-02-28T11:37:10","guid":{"rendered":"https:\/\/ateliermellony.com\/?post_type=product&#038;p=1899"},"modified":"2026-03-13T23:04:14","modified_gmt":"2026-03-13T22:04:14","slug":"brule-parfum-papillons","status":"publish","type":"product","link":"https:\/\/ateliermellony.com\/index.php\/produit\/brule-parfum-papillons\/","title":{"rendered":"Br\u00fble parfum Papillons"},"content":{"rendered":"<p>Ce br\u00fble parfum en c\u00e9ramique est une excellente id\u00e9e cadeau.<br \/>\nIl est parfaits en utilisation avec les fondants ou bien m\u00eame vos huiles essentielles.<\/p>\n<p>C&rsquo;est \u00e9galement une jolie d\u00e9coration et vous met dans une ambiance cocooning d\u00e8s qu&rsquo;il est allum\u00e9.<br \/>\nCe br\u00fbleur a une conception en forme de maison avec des fen\u00eatres ajour\u00e9es qui permettent de laisser la lumi\u00e8re filtrer \u00e0 travers elles pour cr\u00e9er une atmosph\u00e8re relaxante.<\/p>\n<p>Dimensions: H:12 x L: 14 x P: 7,5 cm<\/p>\n","protected":false},"excerpt":{"rendered":"<p>Ce br\u00fble parfum en c\u00e9ramique est une excellente id\u00e9e cadeau.<br \/>\nIl est parfaits en utilisation avec les fondants ou bien m\u00eame vos huiles essentielles.<\/p>\n<p>C&rsquo;est \u00e9galement une jolie d\u00e9coration et vous met dans une ambiance cocooning d\u00e8s qu&rsquo;il est allum\u00e9.<br \/>\nCe br\u00fbleur a une conception en forme de maison avec des fen\u00eatres ajour\u00e9es qui permettent de laisser la lumi\u00e8re filtrer \u00e0 travers elles pour cr\u00e9er une atmosph\u00e8re relaxante.<\/p>\n<p>Dimensions: H:12 x L: 14 x P: 7,5 cm<\/p>\n","protected":false},"featured_media":1890,"comment_status":"open","ping_status":"closed","template":"","meta":[],"product_brand":[],"product_cat":[33,204,142,64,163],"product_tag":[],"class_list":{"0":"post-1899","1":"product","2":"type-product","3":"status-publish","4":"has-post-thumbnail","6":"product_cat-bougies-senteurs-fondants","7":"product_cat-brule-parfum","8":"product_cat-fete-des-meres","9":"product_cat-nouveautes","10":"product_cat-pret-a-expedier","12":"first","13":"instock","14":"shipping-taxable","15":"purchasable","16":"product-type-simple"},"jetpack_sharing_enabled":true,"_links":{"self":[{"href":"https:\/\/ateliermellony.com\/index.php\/wp-json\/wp\/v2\/product\/1899","targetHints":{"allow":["GET"]}}],"collection":[{"href":"https:\/\/ateliermellony.com\/index.php\/wp-json\/wp\/v2\/product"}],"about":[{"href":"https:\/\/ateliermellony.com\/index.php\/wp-json\/wp\/v2\/types\/product"}],"replies":[{"embeddable":true,"href":"https:\/\/ateliermellony.com\/index.php\/wp-json\/wp\/v2\/comments?post=1899"}],"wp:featuredmedia":[{"embeddable":true,"href":"https:\/\/ateliermellony.com\/index.php\/wp-json\/wp\/v2\/media\/1890"}],"wp:attachment":[{"href":"https:\/\/ateliermellony.com\/index.php\/wp-json\/wp\/v2\/media?parent=1899"}],"wp:term":[{"taxonomy":"product_brand","embeddable":true,"href":"https:\/\/ateliermellony.com\/index.php\/wp-json\/wp\/v2\/product_brand?post=1899"},{"taxonomy":"product_cat","embeddable":true,"href":"https:\/\/ateliermellony.com\/index.php\/wp-json\/wp\/v2\/product_cat?post=1899"},{"taxonomy":"product_tag","embeddable":true,"href":"https:\/\/ateliermellony.com\/index.php\/wp-json\/wp\/v2\/product_tag?post=1899"}],"curies":[{"name":"wp","href":"https:\/\/api.w.org\/{rel}","templated":true}]}}