{"id":1897,"date":"2026-02-28T12:30:39","date_gmt":"2026-02-28T11:30:39","guid":{"rendered":"https:\/\/ateliermellony.com\/?post_type=product&#038;p=1897"},"modified":"2026-02-28T12:32:44","modified_gmt":"2026-02-28T11:32:44","slug":"grand-brule-parfum-blanc-etoile","status":"publish","type":"product","link":"https:\/\/ateliermellony.com\/index.php\/produit\/grand-brule-parfum-blanc-etoile\/","title":{"rendered":"Grand br\u00fble parfum blanc &#8211; \u00c9toil\u00e9"},"content":{"rendered":"<p>Ce br\u00fble parfum en c\u00e9ramique est une excellente id\u00e9e cadeau.<br \/>\nIls sont parfaits en utilisation avec les fondants ou bien m\u00eame vos huiles essentielles. C&rsquo;est une jolie d\u00e9coration et vous met dans une ambiance cocooning d\u00e8s qu&rsquo;il est allum\u00e9.<br \/>\nCe br\u00fbleur a une conception avec un arbre qui permet de laisser la lumi\u00e8re filtrer \u00e0 travers les trous pour cr\u00e9er une atmosph\u00e8re relaxante.<\/p>\n<p>Dimensions: 6,5 x 8 cm<\/p>\n","protected":false},"excerpt":{"rendered":"<p>Ce br\u00fble parfum en c\u00e9ramique est une excellente id\u00e9e cadeau.<br \/>\nIls sont parfaits en utilisation avec les fondants ou bien m\u00eame vos huiles essentielles. C&rsquo;est une jolie d\u00e9coration et vous met dans une ambiance cocooning d\u00e8s qu&rsquo;il est allum\u00e9.<br \/>\nCe br\u00fbleur a une conception avec un arbre qui permet de laisser la lumi\u00e8re filtrer \u00e0 travers les trous pour cr\u00e9er une atmosph\u00e8re relaxante.<\/p>\n<p>Dimensions: 6,5 x 8 cm<\/p>\n","protected":false},"featured_media":1894,"comment_status":"open","ping_status":"closed","template":"","meta":[],"product_brand":[],"product_cat":[33,204,142],"product_tag":[154,205,206,125],"class_list":{"0":"post-1897","1":"product","2":"type-product","3":"status-publish","4":"has-post-thumbnail","6":"product_cat-bougies-senteurs-fondants","7":"product_cat-brule-parfum","8":"product_cat-fete-des-meres","9":"product_tag-brule-parfum","10":"product_tag-bruleur","11":"product_tag-etoile","12":"product_tag-parfum","14":"first","15":"instock","16":"shipping-taxable","17":"purchasable","18":"product-type-simple"},"jetpack_sharing_enabled":true,"_links":{"self":[{"href":"https:\/\/ateliermellony.com\/index.php\/wp-json\/wp\/v2\/product\/1897","targetHints":{"allow":["GET"]}}],"collection":[{"href":"https:\/\/ateliermellony.com\/index.php\/wp-json\/wp\/v2\/product"}],"about":[{"href":"https:\/\/ateliermellony.com\/index.php\/wp-json\/wp\/v2\/types\/product"}],"replies":[{"embeddable":true,"href":"https:\/\/ateliermellony.com\/index.php\/wp-json\/wp\/v2\/comments?post=1897"}],"wp:featuredmedia":[{"embeddable":true,"href":"https:\/\/ateliermellony.com\/index.php\/wp-json\/wp\/v2\/media\/1894"}],"wp:attachment":[{"href":"https:\/\/ateliermellony.com\/index.php\/wp-json\/wp\/v2\/media?parent=1897"}],"wp:term":[{"taxonomy":"product_brand","embeddable":true,"href":"https:\/\/ateliermellony.com\/index.php\/wp-json\/wp\/v2\/product_brand?post=1897"},{"taxonomy":"product_cat","embeddable":true,"href":"https:\/\/ateliermellony.com\/index.php\/wp-json\/wp\/v2\/product_cat?post=1897"},{"taxonomy":"product_tag","embeddable":true,"href":"https:\/\/ateliermellony.com\/index.php\/wp-json\/wp\/v2\/product_tag?post=1897"}],"curies":[{"name":"wp","href":"https:\/\/api.w.org\/{rel}","templated":true}]}}