{"id":1702,"date":"2025-12-03T21:20:02","date_gmt":"2025-12-03T20:20:02","guid":{"rendered":"https:\/\/ateliermellony.com\/?post_type=product&#038;p=1702"},"modified":"2026-05-02T10:48:35","modified_gmt":"2026-05-02T08:48:35","slug":"set-de-table-hirondelles-cerisiers-bleu-ciel","status":"publish","type":"product","link":"https:\/\/ateliermellony.com\/index.php\/produit\/set-de-table-hirondelles-cerisiers-bleu-ciel\/","title":{"rendered":"Set de table &#8211; Hirondelles &#038; Cerisiers Bleu Ciel"},"content":{"rendered":"<p>Set de table rigides d&rsquo;un diam\u00e8tre de 39 cm.<\/p>\n<p>Sur un fond Bleu ciel, de jolies hirondelles et des fleurs de cerisier japonais pour un esprit japonisant.<\/p>\n<p>D\u00c9TAILS ET CONSEILS DE LAVAGE Nos sets de table sont des housses 100% coton et s&rsquo;enl\u00e8vent en un instant et se lavent en machine \u00e0 30\u00b0 ; ils peuvent \u00eatre repass\u00e9s.<\/p>\n","protected":false},"excerpt":{"rendered":"<p>Set de table\u00a0rigides d&rsquo;un diam\u00e8tre de 40 cm.<\/p>\n<p>Sur un fond Bleu canard, de jolies hirondelles et des fleurs de cerisier japonnais pour un esprit japonisant.<\/p>\n<p>Certainement le set de table le plus tendance du moment. Utilisable de mille fa\u00e7ons, du petit d\u00e9jeuner au d\u00eener, il permet de cr\u00e9er des mises en place follement soign\u00e9es. Lorsque vous les utilisez comme dessous de plat, il suffit de changer la nappe ou les serviettes et vous cr\u00e9erez des tables tr\u00e8s diff\u00e9rentes avec les m\u00eames \u00e9l\u00e9ments. Personnellement, je recommande de prendre un peu de risque et de les m\u00e9langer, en commen\u00e7ant par ceux qui ont des couleurs similaires.<\/p>\n<p>D\u00c9TAILS ET CONSEILS DE LAVAGE Nos sets de table sont des housses 100% coton s&rsquo;enl\u00e8ve en un instant et se lave en machine \u00e0 30\u00b0 ; ils peuvent \u00eatre repass\u00e9s.<\/p>\n","protected":false},"featured_media":1705,"comment_status":"open","ping_status":"closed","template":"","meta":[],"product_brand":[],"product_cat":[142,141,64,139],"product_tag":[145,147,180,181,144],"class_list":{"0":"post-1702","1":"product","2":"type-product","3":"status-publish","4":"has-post-thumbnail","6":"product_cat-fete-des-meres","7":"product_cat-motifs","8":"product_cat-nouveautes","9":"product_cat-set-de-table","10":"product_tag-art-de-la-table","11":"product_tag-dessous-de-plat","12":"product_tag-hirondelles","13":"product_tag-japonais","14":"product_tag-set-de-table","15":"product_shipping_class-sets-de-table","17":"first","18":"instock","19":"shipping-taxable","20":"purchasable","21":"product-type-variable"},"jetpack_sharing_enabled":true,"_links":{"self":[{"href":"https:\/\/ateliermellony.com\/index.php\/wp-json\/wp\/v2\/product\/1702","targetHints":{"allow":["GET"]}}],"collection":[{"href":"https:\/\/ateliermellony.com\/index.php\/wp-json\/wp\/v2\/product"}],"about":[{"href":"https:\/\/ateliermellony.com\/index.php\/wp-json\/wp\/v2\/types\/product"}],"replies":[{"embeddable":true,"href":"https:\/\/ateliermellony.com\/index.php\/wp-json\/wp\/v2\/comments?post=1702"}],"wp:featuredmedia":[{"embeddable":true,"href":"https:\/\/ateliermellony.com\/index.php\/wp-json\/wp\/v2\/media\/1705"}],"wp:attachment":[{"href":"https:\/\/ateliermellony.com\/index.php\/wp-json\/wp\/v2\/media?parent=1702"}],"wp:term":[{"taxonomy":"product_brand","embeddable":true,"href":"https:\/\/ateliermellony.com\/index.php\/wp-json\/wp\/v2\/product_brand?post=1702"},{"taxonomy":"product_cat","embeddable":true,"href":"https:\/\/ateliermellony.com\/index.php\/wp-json\/wp\/v2\/product_cat?post=1702"},{"taxonomy":"product_tag","embeddable":true,"href":"https:\/\/ateliermellony.com\/index.php\/wp-json\/wp\/v2\/product_tag?post=1702"}],"curies":[{"name":"wp","href":"https:\/\/api.w.org\/{rel}","templated":true}]}}