{"id":1515,"date":"2025-05-13T20:02:27","date_gmt":"2025-05-13T18:02:27","guid":{"rendered":"https:\/\/ateliermellony.com\/?post_type=product&#038;p=1515"},"modified":"2025-12-01T23:35:07","modified_gmt":"2025-12-01T22:35:07","slug":"set-de-table-liberty-vert-deau-edition-limitee","status":"publish","type":"product","link":"https:\/\/ateliermellony.com\/index.php\/produit\/set-de-table-liberty-vert-deau-edition-limitee\/","title":{"rendered":"Set de table &#8211; Liberty Vert d&rsquo;eau (Edition limit\u00e9e)"},"content":{"rendered":"<p>Set de table rigides, il s&rsquo;agit d&rsquo;un disque de MDF de 3mm d&rsquo;\u00e9paisseur et d&rsquo;un diam\u00e8tre de 39 cm avec une face laqu\u00e9e blanche, recouvert d&rsquo;une housse en tissus.<\/p>\n<p>&nbsp;<\/p>\n<p>D\u00c9TAILS ET CONSEILS DE LAVAGE Nos sets de table sont des housses 100% coton et s&rsquo;enl\u00e8vent en un instant et se lavent en machine \u00e0 30\u00b0 max; ils peuvent \u00eatre repass\u00e9s.<\/p>\n<p>&nbsp;<\/p>\n<p>Vous pouvez passer un coup d&rsquo;\u00e9ponge si besoin sur la partie laqu\u00e9e du disque en bois. Il est pr\u00e9f\u00e9rable de les conserver \u00e0 plat si vous le pouvez.<\/p>\n","protected":false},"excerpt":{"rendered":"<p>Set de table rigides d&rsquo;un diam\u00e8tre de 39 cm.<\/p>\n<p>&nbsp;<\/p>\n<p>L&rsquo;imprim\u00e9 Liberty est un imprim\u00e9 que l&rsquo;on ne pr\u00e9sente plus. Grand classique de la maison anglaise, j&rsquo;ai choisi un coton dans leur s\u00e9lection Quilting. Le motif est design\u00e9 par Emily Belle et c&rsquo;est un 100% coton.<\/p>\n<p>&nbsp;<\/p>\n<p>Il est disponible en quantit\u00e9 ultra limit\u00e9e (8 pi\u00e8ces par couleur), et malgr\u00e9 le prix du tissus plus \u00e9lev\u00e9 que les autres, je propose ces sets au prix habituel de 20\u20ac pi\u00e8ce.<\/p>\n<p>&nbsp;<\/p>\n<p>Certainement le set de table le plus tendance du moment. Utilisable de mille fa\u00e7ons, du petit d\u00e9jeuner au d\u00eener, il permet de cr\u00e9er des mises en place follement soign\u00e9es. Lorsque vous les utilisez comme dessous de plat, il suffit de changer la nappe ou les serviettes et vous cr\u00e9erez des tables tr\u00e8s singuli\u00e8res avec les m\u00eames \u00e9l\u00e9ments. Personnellement, je recommande de prendre un peu de risque et de les m\u00e9langer, en commen\u00e7ant par ceux qui ont des couleurs similaires.<\/p>\n","protected":false},"featured_media":1486,"comment_status":"open","ping_status":"closed","template":"","meta":[],"product_brand":[],"product_cat":[140,142,141,64,163,139],"product_tag":[145,147,173,172,144,175],"class_list":{"0":"post-1515","1":"product","2":"type-product","3":"status-publish","4":"has-post-thumbnail","6":"product_cat-liberty","7":"product_cat-fete-des-meres","8":"product_cat-motifs","9":"product_cat-nouveautes","10":"product_cat-pret-a-expedier","11":"product_cat-set-de-table","12":"product_tag-art-de-la-table","13":"product_tag-dessous-de-plat","14":"product_tag-fleuris","15":"product_tag-liberty","16":"product_tag-set-de-table","17":"product_tag-vert","18":"product_shipping_class-sets-de-table","20":"first","21":"instock","22":"shipping-taxable","23":"purchasable","24":"product-type-variable"},"jetpack_sharing_enabled":true,"_links":{"self":[{"href":"https:\/\/ateliermellony.com\/index.php\/wp-json\/wp\/v2\/product\/1515","targetHints":{"allow":["GET"]}}],"collection":[{"href":"https:\/\/ateliermellony.com\/index.php\/wp-json\/wp\/v2\/product"}],"about":[{"href":"https:\/\/ateliermellony.com\/index.php\/wp-json\/wp\/v2\/types\/product"}],"replies":[{"embeddable":true,"href":"https:\/\/ateliermellony.com\/index.php\/wp-json\/wp\/v2\/comments?post=1515"}],"wp:featuredmedia":[{"embeddable":true,"href":"https:\/\/ateliermellony.com\/index.php\/wp-json\/wp\/v2\/media\/1486"}],"wp:attachment":[{"href":"https:\/\/ateliermellony.com\/index.php\/wp-json\/wp\/v2\/media?parent=1515"}],"wp:term":[{"taxonomy":"product_brand","embeddable":true,"href":"https:\/\/ateliermellony.com\/index.php\/wp-json\/wp\/v2\/product_brand?post=1515"},{"taxonomy":"product_cat","embeddable":true,"href":"https:\/\/ateliermellony.com\/index.php\/wp-json\/wp\/v2\/product_cat?post=1515"},{"taxonomy":"product_tag","embeddable":true,"href":"https:\/\/ateliermellony.com\/index.php\/wp-json\/wp\/v2\/product_tag?post=1515"}],"curies":[{"name":"wp","href":"https:\/\/api.w.org\/{rel}","templated":true}]}}