{"id":1395,"date":"2024-02-04T15:53:02","date_gmt":"2024-02-04T14:53:02","guid":{"rendered":"https:\/\/ateliermellony.com\/?post_type=product&#038;p=1395"},"modified":"2024-02-04T22:02:58","modified_gmt":"2024-02-04T21:02:58","slug":"bougie-figuier","status":"publish","type":"product","link":"https:\/\/ateliermellony.com\/index.php\/produit\/bougie-figuier\/","title":{"rendered":"Bougie Figuier"},"content":{"rendered":"<p>Bougie 80g parfum\u00e9e, Figue et sa m\u00e8che en coton!<\/p>\n<p>90% Cire de Colza europ\u00e9enne, sans OGM ni pesticides.<\/p>\n<p>10% de parfum.<\/p>\n<p>Fabrication artisanale.<\/p>\n<p>&nbsp;<\/p>\n<p>Type de senteur: Fruit\u00e9e<\/p>\n<p>Notes de T\u00eate: Feuille de figuier, menthe<\/p>\n<p>Notes de C\u0153ur: Figue, c\u00e8dre, jasmin<\/p>\n<p>Notes de Fond: Figuier, f\u00e8ve tonka, santal<\/p>\n","protected":false},"excerpt":{"rendered":"<p>Bougie 80g, parfum\u00e9e Figue et sa m\u00e8che en coton.<\/p>\n<p>Pour parfumer votre int\u00e9rieur d\u2019une d\u00e9licate odeur v\u00e9g\u00e9tale et fruit\u00e9e qui vous plongera en plein \u00e9t\u00e9 sous les figuiers Corses.<\/p>\n<p>Bougie pr\u00eat \u00e0 \u00eatre exp\u00e9di\u00e9e.<\/p>\n<p>&nbsp;<\/p>\n<p>&nbsp;<\/p>\n<p>&nbsp;<\/p>\n","protected":false},"featured_media":1359,"comment_status":"open","ping_status":"closed","template":"","meta":[],"product_brand":[],"product_cat":[163],"product_tag":[67,69,70],"class_list":{"0":"post-1395","1":"product","2":"type-product","3":"status-publish","4":"has-post-thumbnail","6":"product_cat-pret-a-expedier","7":"product_tag-bougie","8":"product_tag-figue","9":"product_tag-figuier","11":"first","12":"instock","13":"shipping-taxable","14":"purchasable","15":"product-type-simple"},"jetpack_sharing_enabled":true,"_links":{"self":[{"href":"https:\/\/ateliermellony.com\/index.php\/wp-json\/wp\/v2\/product\/1395","targetHints":{"allow":["GET"]}}],"collection":[{"href":"https:\/\/ateliermellony.com\/index.php\/wp-json\/wp\/v2\/product"}],"about":[{"href":"https:\/\/ateliermellony.com\/index.php\/wp-json\/wp\/v2\/types\/product"}],"replies":[{"embeddable":true,"href":"https:\/\/ateliermellony.com\/index.php\/wp-json\/wp\/v2\/comments?post=1395"}],"wp:featuredmedia":[{"embeddable":true,"href":"https:\/\/ateliermellony.com\/index.php\/wp-json\/wp\/v2\/media\/1359"}],"wp:attachment":[{"href":"https:\/\/ateliermellony.com\/index.php\/wp-json\/wp\/v2\/media?parent=1395"}],"wp:term":[{"taxonomy":"product_brand","embeddable":true,"href":"https:\/\/ateliermellony.com\/index.php\/wp-json\/wp\/v2\/product_brand?post=1395"},{"taxonomy":"product_cat","embeddable":true,"href":"https:\/\/ateliermellony.com\/index.php\/wp-json\/wp\/v2\/product_cat?post=1395"},{"taxonomy":"product_tag","embeddable":true,"href":"https:\/\/ateliermellony.com\/index.php\/wp-json\/wp\/v2\/product_tag?post=1395"}],"curies":[{"name":"wp","href":"https:\/\/api.w.org\/{rel}","templated":true}]}}