{"id":1391,"date":"2024-02-04T15:49:20","date_gmt":"2024-02-04T14:49:20","guid":{"rendered":"https:\/\/ateliermellony.com\/?post_type=product&#038;p=1391"},"modified":"2024-02-04T15:52:31","modified_gmt":"2024-02-04T14:52:31","slug":"bougie-mille-et-une-nuits-2","status":"publish","type":"product","link":"https:\/\/ateliermellony.com\/index.php\/produit\/bougie-mille-et-une-nuits-2\/","title":{"rendered":"Bougie Mille Et Une Nuits"},"content":{"rendered":"<p>Bougie 80g, parfum\u00e9e, Mille Et Une Nuits et sa m\u00e8che en coton!<\/p>\n<p>90% Cire de Colza.<\/p>\n<p>10% de parfum.<\/p>\n<p>Fabrication artisanale, pr\u00eate \u00e0 \u00eatre exp\u00e9di\u00e9e<\/p>\n<p>&nbsp;<\/p>\n<p>Type de senteur:\u00a0Balsamique, Bois\u00e9e, Epic\u00e9e, Fruit\u00e9e, Orientale<\/p>\n<p>Notes de T\u00eate: Bergamote, ciste<\/p>\n<p>Notes de C\u0153ur: Safranal, c\u00e8dre maroc, f\u00e8ves tonka<\/p>\n<p>Notes de Fond: Tabac, oud, patchouli, vanille<\/p>\n","protected":false},"excerpt":{"rendered":"<p>Bougie 80g, parfum\u00e9e, Mille Et Une Nuits et sa m\u00e8che en coton!<\/p>\n<p>90% Cire de Colza.<\/p>\n<p>10% de parfum.<\/p>\n<p>\u00c9vadez-vous avec cette bougie envoutante. Les senteurs bois\u00e9es et \u00e9pic\u00e9es enivreront vos sens, transformant votre int\u00e9rieur en palais des Mille et une nuits.<\/p>\n<p>Fabrication artisanale, pr\u00eate \u00e0 \u00eatre exp\u00e9di\u00e9e<\/p>\n<p>&nbsp;<\/p>\n<p>&nbsp;<\/p>\n<p>&nbsp;<\/p>\n","protected":false},"featured_media":1362,"comment_status":"open","ping_status":"closed","template":"","meta":[],"product_brand":[],"product_cat":[163],"product_tag":[67,65,66],"class_list":{"0":"post-1391","1":"product","2":"type-product","3":"status-publish","4":"has-post-thumbnail","6":"product_cat-pret-a-expedier","7":"product_tag-bougie","8":"product_tag-mille-et-une-nuit","9":"product_tag-orient","11":"first","12":"instock","13":"shipping-taxable","14":"purchasable","15":"product-type-simple"},"jetpack_sharing_enabled":true,"_links":{"self":[{"href":"https:\/\/ateliermellony.com\/index.php\/wp-json\/wp\/v2\/product\/1391","targetHints":{"allow":["GET"]}}],"collection":[{"href":"https:\/\/ateliermellony.com\/index.php\/wp-json\/wp\/v2\/product"}],"about":[{"href":"https:\/\/ateliermellony.com\/index.php\/wp-json\/wp\/v2\/types\/product"}],"replies":[{"embeddable":true,"href":"https:\/\/ateliermellony.com\/index.php\/wp-json\/wp\/v2\/comments?post=1391"}],"wp:featuredmedia":[{"embeddable":true,"href":"https:\/\/ateliermellony.com\/index.php\/wp-json\/wp\/v2\/media\/1362"}],"wp:attachment":[{"href":"https:\/\/ateliermellony.com\/index.php\/wp-json\/wp\/v2\/media?parent=1391"}],"wp:term":[{"taxonomy":"product_brand","embeddable":true,"href":"https:\/\/ateliermellony.com\/index.php\/wp-json\/wp\/v2\/product_brand?post=1391"},{"taxonomy":"product_cat","embeddable":true,"href":"https:\/\/ateliermellony.com\/index.php\/wp-json\/wp\/v2\/product_cat?post=1391"},{"taxonomy":"product_tag","embeddable":true,"href":"https:\/\/ateliermellony.com\/index.php\/wp-json\/wp\/v2\/product_tag?post=1391"}],"curies":[{"name":"wp","href":"https:\/\/api.w.org\/{rel}","templated":true}]}}