{"id":1387,"date":"2024-02-04T15:18:11","date_gmt":"2024-02-04T14:18:11","guid":{"rendered":"https:\/\/ateliermellony.com\/?post_type=product&#038;p=1387"},"modified":"2026-02-28T12:16:59","modified_gmt":"2026-02-28T11:16:59","slug":"bruleur-a-parfum-phare-bleu","status":"publish","type":"product","link":"https:\/\/ateliermellony.com\/index.php\/produit\/bruleur-a-parfum-phare-bleu\/","title":{"rendered":"Br\u00fble parfum Phare Bleu"},"content":{"rendered":"<p>Ce br\u00fble parfum en c\u00e9ramique est une excellente id\u00e9e cadeau.<br \/>\nIl est parfaits en utilisation avec les fondants ou bien m\u00eame vos huiles essentielles.<\/p>\n<p>C&rsquo;est \u00e9galement une jolie d\u00e9coration et vous met dans une ambiance cocooning d\u00e8s qu&rsquo;il est allum\u00e9.<br \/>\nCe br\u00fbleur a une conception avec un ange qui permet de laisser la lumi\u00e8re filtrer \u00e0 travers les trous pour cr\u00e9er une atmosph\u00e8re relaxante.<\/p>\n<p>Dimensions: H:18 x L: 9,4 x D: 9,4 cm<\/p>\n","protected":false},"excerpt":{"rendered":"<p>Ce br\u00fble parfum en c\u00e9ramique est une excellente id\u00e9e cadeau.<br \/>\nIl est parfaits en utilisation avec les fondants ou bien m\u00eame vos huiles essentielles.<\/p>\n<p>C&rsquo;est \u00e9galement une jolie d\u00e9coration et vous met dans une ambiance cocooning d\u00e8s qu&rsquo;il est allum\u00e9.<br \/>\nCe br\u00fbleur a une conception avec un ange qui permet de laisser la lumi\u00e8re filtrer \u00e0 travers les trous pour cr\u00e9er une atmosph\u00e8re relaxante.<\/p>\n<p>Dimensions: H:18 x L: 9,4 x D: 9,4 cm<\/p>\n","protected":false},"featured_media":1343,"comment_status":"open","ping_status":"closed","template":"","meta":[],"product_brand":[],"product_cat":[33,204,130,142,50,64,163],"product_tag":[],"class_list":{"0":"post-1387","1":"product","2":"type-product","3":"status-publish","4":"has-post-thumbnail","6":"product_cat-bougies-senteurs-fondants","7":"product_cat-brule-parfum","8":"product_cat-decorations-a-parfummer","9":"product_cat-fete-des-meres","10":"product_cat-fondants","11":"product_cat-nouveautes","12":"product_cat-pret-a-expedier","14":"first","15":"instock","16":"shipping-taxable","17":"purchasable","18":"product-type-simple"},"jetpack_sharing_enabled":true,"_links":{"self":[{"href":"https:\/\/ateliermellony.com\/index.php\/wp-json\/wp\/v2\/product\/1387","targetHints":{"allow":["GET"]}}],"collection":[{"href":"https:\/\/ateliermellony.com\/index.php\/wp-json\/wp\/v2\/product"}],"about":[{"href":"https:\/\/ateliermellony.com\/index.php\/wp-json\/wp\/v2\/types\/product"}],"replies":[{"embeddable":true,"href":"https:\/\/ateliermellony.com\/index.php\/wp-json\/wp\/v2\/comments?post=1387"}],"wp:featuredmedia":[{"embeddable":true,"href":"https:\/\/ateliermellony.com\/index.php\/wp-json\/wp\/v2\/media\/1343"}],"wp:attachment":[{"href":"https:\/\/ateliermellony.com\/index.php\/wp-json\/wp\/v2\/media?parent=1387"}],"wp:term":[{"taxonomy":"product_brand","embeddable":true,"href":"https:\/\/ateliermellony.com\/index.php\/wp-json\/wp\/v2\/product_brand?post=1387"},{"taxonomy":"product_cat","embeddable":true,"href":"https:\/\/ateliermellony.com\/index.php\/wp-json\/wp\/v2\/product_cat?post=1387"},{"taxonomy":"product_tag","embeddable":true,"href":"https:\/\/ateliermellony.com\/index.php\/wp-json\/wp\/v2\/product_tag?post=1387"}],"curies":[{"name":"wp","href":"https:\/\/api.w.org\/{rel}","templated":true}]}}