{"id":78,"date":"2018-01-26T14:25:38","date_gmt":"2018-01-26T13:25:38","guid":{"rendered":"http:\/\/bridge142.qodeinteractive.com\/?page_id=78"},"modified":"2021-12-02T17:41:53","modified_gmt":"2021-12-02T16:41:53","slug":"a-propos","status":"publish","type":"page","link":"https:\/\/ateliermellony.com\/index.php\/a-propos\/","title":{"rendered":"A propos"},"content":{"rendered":"<p>[vc_row css_animation=\u00a0\u00bb\u00a0\u00bb row_type=\u00a0\u00bbrow\u00a0\u00bb use_row_as_full_screen_section=\u00a0\u00bbno\u00a0\u00bb type=\u00a0\u00bbgrid\u00a0\u00bb angled_section=\u00a0\u00bbno\u00a0\u00bb text_align=\u00a0\u00bbcenter\u00a0\u00bb background_image_as_pattern=\u00a0\u00bbwithout_pattern\u00a0\u00bb z_index=\u00a0\u00bb\u00a0\u00bb css=\u00a0\u00bb.vc_custom_1516977299669{padding-top: 175px !important;padding-bottom: 50px !important;}\u00a0\u00bb][vc_column][vc_single_image image=\u00a0\u00bb42&Prime; img_size=\u00a0\u00bbfull\u00a0\u00bb alignment=\u00a0\u00bbcenter\u00a0\u00bb qode_css_animation=\u00a0\u00bb\u00a0\u00bb][vc_empty_space height=\u00a0\u00bb54px\u00a0\u00bb][qode_elements_holder number_of_columns=\u00a0\u00bbone_column\u00a0\u00bb][qode_elements_holder_item item_padding=\u00a0\u00bb0px 31%\u00a0\u00bb vertical_alignment=\u00a0\u00bbmiddle\u00a0\u00bb horizontal_alignment=\u00a0\u00bbcenter\u00a0\u00bb advanced_animations=\u00a0\u00bbno\u00a0\u00bb item_padding_1280_1440=\u00a0\u00bb0px 27%\u00a0\u00bb item_padding_1024_1280=\u00a0\u00bb0px 27%\u00a0\u00bb item_padding_768_1024=\u00a0\u00bb0px 24% \u00a0\u00bb item_padding_600_768=\u00a0\u00bb0px 11%\u00a0\u00bb item_padding_480_600=\u00a0\u00bb0px\u00a0\u00bb item_padding_480=\u00a0\u00bb0px\u00a0\u00bb][vc_column_text]<\/p>\r\n<h1 style=\"line-height: 20px;\">\u00a0<\/h1>\r\n<p>[\/vc_column_text][vc_column_text]<\/p>\r\n<h1 style=\"text-align: center;\">Qui se cache derri\u00e8re l&rsquo;Atelier Mellony<\/h1>\r\n<p>&nbsp;<\/p>\r\n<p>&nbsp;<\/p>\r\n<p style=\"text-align: center;\">Je suis Kate, j\u2019ai 30ans et j\u2019ai d\u00e9cid\u00e9 de me lancer dans l\u2019entreprenariat.<\/p>\r\n<p style=\"text-align: center;\">Je ne trouvais plus de sens ni dans mon poste, ni dans l\u2019entreprise pour laquelle je travaillais.<\/p>\r\n<p style=\"text-align: center;\">J\u2019ai donc tout quitt\u00e9, la s\u00e9curit\u00e9 d\u2019un emploi, un salaire qui tombe tous les mois, mais un travail qui m\u2019emp\u00eachait d\u2019avoir un r\u00e9el \u00e9quilibre entre vie priv\u00e9e et vie professionnelle.<\/p>\r\n<p style=\"text-align: center;\">Je suis un \u00e9lectron libre qui aime son ind\u00e9pendance et qui chamboule les codes si cela peut permettre d\u2019avancer et de s\u2019am\u00e9liorer.<\/p>\r\n<p style=\"text-align: center;\">J\u2019ai toujours ador\u00e9 cr\u00e9er, innover et faire plaisir.<\/p>\r\n<p style=\"text-align: center;\">Je suis tr\u00e8s attach\u00e9e aux jolies choses simples et par dessus tout j\u2019aime faire de petites attentions \u00e0 mes proches.<\/p>\r\n<p>&nbsp;<\/p>\r\n<p>&nbsp;<\/p>\r\n<p style=\"text-align: center;\">Tout ce que vous trouverez ici sera fait main. J&rsquo;accorde une importance \u00e0 la provenance de mes produits ainsi qu&rsquo;\u00e0 leur qualit\u00e9. \u00a0<\/p>\r\n<p style=\"text-align: center;\">Ponctuellement vous trouverez \u00e9galement des \u00e9ditions limit\u00e9es, le but \u00e9tant de vous proposer des nouveaut\u00e9s en fonction de la saisonnalit\u00e9.<\/p>\r\n\r\n<div class=\"wp-block-image is-style-default\">\r\n<figure class=\"aligncenter size-full is-resized\"><img loading=\"lazy\" decoding=\"async\" class=\"wp-image-134\" src=\"https:\/\/ateliermellony.com\/wp-content\/uploads\/2021\/09\/IMG_1483.jpg\" alt=\"\" width=\"920\" height=\"611\" srcset=\"https:\/\/ateliermellony.com\/wp-content\/uploads\/2021\/09\/IMG_1483.jpg 828w, https:\/\/ateliermellony.com\/wp-content\/uploads\/2021\/09\/IMG_1483-300x199.jpg 300w, https:\/\/ateliermellony.com\/wp-content\/uploads\/2021\/09\/IMG_1483-768x510.jpg 768w, https:\/\/ateliermellony.com\/wp-content\/uploads\/2021\/09\/IMG_1483-700x465.jpg 700w, https:\/\/ateliermellony.com\/wp-content\/uploads\/2021\/09\/IMG_1483-600x399.jpg 600w\" sizes=\"auto, (max-width: 920px) 100vw, 920px\" \/><\/figure>\r\n<\/div>\r\n\r\n\r\n\r\n<p>&nbsp;<\/p>\r\n","protected":false},"excerpt":{"rendered":"<p>[vc_row css_animation=\u00a0\u00bb\u00a0\u00bb row_type=\u00a0\u00bbrow\u00a0\u00bb use_row_as_full_screen_section=\u00a0\u00bbno\u00a0\u00bb type=\u00a0\u00bbgrid\u00a0\u00bb angled_section=\u00a0\u00bbno\u00a0\u00bb text_align=\u00a0\u00bbcenter\u00a0\u00bb background_image_as_pattern=\u00a0\u00bbwithout_pattern\u00a0\u00bb z_index=\u00a0\u00bb\u00a0\u00bb css=\u00a0\u00bb.vc_custom_1516977299669{padding-top: 175px !important;padding-bottom: 50px !important;}\u00a0\u00bb][vc_column][vc_single_image image=\u00a0\u00bb42&Prime; img_size=\u00a0\u00bbfull\u00a0\u00bb alignment=\u00a0\u00bbcenter\u00a0\u00bb qode_css_animation=\u00a0\u00bb\u00a0\u00bb][vc_empty_space height=\u00a0\u00bb54px\u00a0\u00bb][qode_elements_holder number_of_columns=\u00a0\u00bbone_column\u00a0\u00bb][qode_elements_holder_item item_padding=\u00a0\u00bb0px 31%\u00a0\u00bb vertical_alignment=\u00a0\u00bbmiddle\u00a0\u00bb horizontal_alignment=\u00a0\u00bbcenter\u00a0\u00bb advanced_animations=\u00a0\u00bbno\u00a0\u00bb item_padding_1280_1440=\u00a0\u00bb0px 27%\u00a0\u00bb item_padding_1024_1280=\u00a0\u00bb0px 27%\u00a0\u00bb item_padding_768_1024=\u00a0\u00bb0px 24% \u00a0\u00bb item_padding_600_768=\u00a0\u00bb0px 11%\u00a0\u00bb item_padding_480_600=\u00a0\u00bb0px\u00a0\u00bb item_padding_480=\u00a0\u00bb0px\u00a0\u00bb][vc_column_text] \u00a0 [\/vc_column_text][vc_column_text] Qui se cache derri\u00e8re l&rsquo;Atelier Mellony &nbsp;&#8230;<\/p>\n","protected":false},"author":2,"featured_media":0,"parent":0,"menu_order":0,"comment_status":"closed","ping_status":"closed","template":"","meta":{"footnotes":""},"class_list":["post-78","page","type-page","status-publish","hentry"],"jetpack_sharing_enabled":true,"_links":{"self":[{"href":"https:\/\/ateliermellony.com\/index.php\/wp-json\/wp\/v2\/pages\/78","targetHints":{"allow":["GET"]}}],"collection":[{"href":"https:\/\/ateliermellony.com\/index.php\/wp-json\/wp\/v2\/pages"}],"about":[{"href":"https:\/\/ateliermellony.com\/index.php\/wp-json\/wp\/v2\/types\/page"}],"author":[{"embeddable":true,"href":"https:\/\/ateliermellony.com\/index.php\/wp-json\/wp\/v2\/users\/2"}],"replies":[{"embeddable":true,"href":"https:\/\/ateliermellony.com\/index.php\/wp-json\/wp\/v2\/comments?post=78"}],"version-history":[{"count":10,"href":"https:\/\/ateliermellony.com\/index.php\/wp-json\/wp\/v2\/pages\/78\/revisions"}],"predecessor-version":[{"id":137,"href":"https:\/\/ateliermellony.com\/index.php\/wp-json\/wp\/v2\/pages\/78\/revisions\/137"}],"wp:attachment":[{"href":"https:\/\/ateliermellony.com\/index.php\/wp-json\/wp\/v2\/media?parent=78"}],"curies":[{"name":"wp","href":"https:\/\/api.w.org\/{rel}","templated":true}]}}