{"id":373,"date":"2021-10-07T10:24:20","date_gmt":"2021-10-07T08:24:20","guid":{"rendered":"https:\/\/ateliermellony.com\/?page_id=373"},"modified":"2021-10-07T18:51:18","modified_gmt":"2021-10-07T16:51:18","slug":"conseils-dutilisation-et-de-securite","status":"publish","type":"page","link":"https:\/\/ateliermellony.com\/index.php\/conseils-dutilisation-et-de-securite\/","title":{"rendered":"Conseils d\u2019utilisation et de s\u00e9curit\u00e9"},"content":{"rendered":"\n<div class=\"wp-block-image\"><figure class=\"aligncenter\"><a href=\"https:\/\/www.boutdechandelle.fr\/wp-content\/uploads\/2015\/07\/Attention.png\"><img decoding=\"async\" src=\"https:\/\/www.boutdechandelle.fr\/wp-content\/uploads\/2015\/07\/Attention.png\" alt=\"\" class=\"wp-image-3921\"\/><\/a><\/figure><\/div>\n\n\n\n<div class=\"wp-block-image\"><figure class=\"aligncenter\"><a href=\"https:\/\/www.boutdechandelle.fr\/wp-content\/uploads\/2015\/07\/01.png\"><img decoding=\"async\" src=\"https:\/\/www.boutdechandelle.fr\/wp-content\/uploads\/2015\/07\/01.png\" alt=\"\" class=\"wp-image-3916\"\/><\/a><\/figure><\/div>\n\n\n\n<div class=\"wp-block-image\"><figure class=\"aligncenter\"><a href=\"https:\/\/www.boutdechandelle.fr\/wp-content\/uploads\/2015\/07\/02.png\"><img decoding=\"async\" src=\"https:\/\/www.boutdechandelle.fr\/wp-content\/uploads\/2015\/07\/02.png\" alt=\"\" class=\"wp-image-3917\"\/><\/a><\/figure><\/div>\n\n\n\n<div class=\"wp-block-image\"><figure class=\"aligncenter\"><a href=\"https:\/\/www.boutdechandelle.fr\/wp-content\/uploads\/2015\/07\/03.png\"><img decoding=\"async\" src=\"https:\/\/www.boutdechandelle.fr\/wp-content\/uploads\/2015\/07\/03.png\" alt=\"\" class=\"wp-image-3918\"\/><\/a><\/figure><\/div>\n\n\n\n<div class=\"wp-block-image\"><figure class=\"aligncenter\"><a href=\"https:\/\/www.boutdechandelle.fr\/wp-content\/uploads\/2015\/07\/04.png\"><img decoding=\"async\" src=\"https:\/\/www.boutdechandelle.fr\/wp-content\/uploads\/2015\/07\/04.png\" alt=\"\" class=\"wp-image-3919\"\/><\/a><\/figure><\/div>\n\n\n\n<p>Afin de vous offrir la meilleure qualit\u00e9 d\u2019exp\u00e9rience avec les bougies&nbsp;Atelier Mellony, voici quelques r\u00e8gles de s\u00e9curit\u00e9 et conseils d\u2019utilisation&nbsp;:<\/p>\n\n\n\n<p><\/p>\n\n\n\n<p>\u2013&nbsp;<strong>Ne laissez jamais une bougie allum\u00e9e sans surveillance<\/strong>&nbsp;: Eteignez toujours la bougie avant de quitter la pi\u00e8ce ou d\u2019aller vous coucher. Eteignez \u00e9galement toute bougie qui fumerait, dont la flamme serait vacillante ou incontr\u00f4lable.<\/p>\n\n\n\n<p>\u2013&nbsp;<strong>Faites br\u00fbler les bougies hors de port\u00e9e des enfants et des animaux<\/strong>&nbsp;: Ne placez pas la bougie \u00e0 un endroit o\u00f9 elle risquerait d\u2019\u00eatre renvers\u00e9e par un enfant, un animal\u2026 Ou quelqu\u2019un d\u2019un peu maladroit&nbsp;!&nbsp;<\/p>\n\n\n\n<p>\u2013&nbsp;<strong>N\u2019allumez jamais de bougies \u00e0 proximit\u00e9 d\u2019objets inflammables<\/strong>&nbsp;: Placez vos bougies sur une surface ininflammable et r\u00e9sistant \u00e0 la chaleur et \u00e0 30 cm minimum de tout objet inflammable (rideaux, d\u00e9coration, a\u00e9rosol\u2026)<\/p>\n\n\n\n<p>\u2013&nbsp;<strong>Laissez toujours une distance de 10 centim\u00e8tres entre les bougies<\/strong>&nbsp;: Les bougies plac\u00e9es trop pr\u00e8s les unes des autres pourraient jouer \u00e0 \u00ab&nbsp;qui br\u00fble la plus vite&nbsp;\u00bb et produire de la suie, ou couler.<\/p>\n\n\n\n<p>\u2013&nbsp;<strong>Evitez de laisser la bougie dans un courant d\u2019air&nbsp;<\/strong>: en plus d\u2019acc\u00e9l\u00e9rer la combustion de votre bougie, elle pourrait rendre la fonte de la cire in\u00e9gale, et m\u00eame pousser un rideau l\u00e9ger dans la flamme.<\/p>\n\n\n\n<p>\u2013<strong>&nbsp;Utilisez toujours un bougeoir<\/strong>&nbsp;: ou une coupelle, ou encore un verre, ce serait dommage de laisser la cire couler. Je fais en sorte de parfumer suffisamment mes bougies pour que vous puissiez les garder en d\u00e9coration tout en d\u00e9gageant un l\u00e9ger parfum. Comme il s&rsquo;agit de cire de Colza, la cire peut se r\u00e9pandre plus facilement lorsque vous allumez votre bougie.<\/p>\n\n\n\n<p>\u2013&nbsp;<strong>Coupez la m\u00e8che \u00e0 environ 1 centim\u00e8tre avant de l\u2019allumer<\/strong>, et ce m\u00eame si elle a d\u00e9j\u00e0 br\u00fbl\u00e9, une m\u00e8che trop longue pourrait provoquer l\u2019apparition de suie.<\/p>\n\n\n\n<p>\u2013&nbsp;<strong>Ne d\u00e9placez pas une bougie allum\u00e9e<\/strong>&nbsp;: Le d\u00e9placement aurait le m\u00eame effet qu\u2019un courant d\u2019air, et en plus, vous risqueriez de vous br\u00fbler.<\/p>\n\n\n\n<p>\u2013&nbsp;<strong>Afin d\u2019\u00e9viter qu\u2019elle ne se creuse<\/strong>, laissez toujours la cire fondre sur toute la surface de la bougie avant de l\u2019\u00e9teindre.<\/p>\n\n\n\n<p>\u2013&nbsp;<strong>Pour \u00e9teindre votre bougie, privil\u00e9giez un \u00e9teignoir<\/strong>, en soufflant vous risqueriez de projeter de la cire chaude partout.<\/p>\n\n\n\n<p><\/p>\n\n\n\n<p><\/p>\n\n\n\n<hr class=\"wp-block-separator\"\/>\n\n\n\n<p><\/p>\n\n\n\n<h1 class=\"wp-block-heading\">Conserver ma broche<\/h1>\n\n\n\n<p><\/p>\n\n\n\n<p>Afin de garder un maximum d&rsquo;\u00e9clat sur votre broche, voici 2 conseils tr\u00e8s simples:<\/p>\n\n\n\n<p><\/p>\n\n\n\n<p><\/p>\n\n\n\n<p>&#8211; <strong>Ne laissez pas votre broche en plein soleil <\/strong>lorsque vous ne la portez pas, la lumi\u00e8re peut alt\u00e9rer la couleur sur le long terme.<\/p>\n\n\n\n<p>&#8211; <strong>N&rsquo;oubliez pas de retirer la broche de vos v\u00eatements<\/strong> avant de les passer en machine \u00e0 laver, je ne garantie pas le r\u00e9sultat si votre broche est oubli\u00e9 sur ceux-ci.<\/p>\n","protected":false},"excerpt":{"rendered":"<p>Afin de vous offrir la meilleure qualit\u00e9 d\u2019exp\u00e9rience avec les bougies&nbsp;Atelier Mellony, voici quelques r\u00e8gles de s\u00e9curit\u00e9 et conseils d\u2019utilisation&nbsp;: \u2013&nbsp;Ne laissez jamais une bougie allum\u00e9e sans surveillance&nbsp;: Eteignez toujours la bougie avant de quitter la pi\u00e8ce ou d\u2019aller vous coucher. Eteignez \u00e9galement toute bougie&#8230;<\/p>\n","protected":false},"author":2,"featured_media":0,"parent":0,"menu_order":0,"comment_status":"closed","ping_status":"closed","template":"","meta":{"footnotes":""},"class_list":["post-373","page","type-page","status-publish","hentry"],"jetpack_sharing_enabled":true,"_links":{"self":[{"href":"https:\/\/ateliermellony.com\/index.php\/wp-json\/wp\/v2\/pages\/373","targetHints":{"allow":["GET"]}}],"collection":[{"href":"https:\/\/ateliermellony.com\/index.php\/wp-json\/wp\/v2\/pages"}],"about":[{"href":"https:\/\/ateliermellony.com\/index.php\/wp-json\/wp\/v2\/types\/page"}],"author":[{"embeddable":true,"href":"https:\/\/ateliermellony.com\/index.php\/wp-json\/wp\/v2\/users\/2"}],"replies":[{"embeddable":true,"href":"https:\/\/ateliermellony.com\/index.php\/wp-json\/wp\/v2\/comments?post=373"}],"version-history":[{"count":3,"href":"https:\/\/ateliermellony.com\/index.php\/wp-json\/wp\/v2\/pages\/373\/revisions"}],"predecessor-version":[{"id":428,"href":"https:\/\/ateliermellony.com\/index.php\/wp-json\/wp\/v2\/pages\/373\/revisions\/428"}],"wp:attachment":[{"href":"https:\/\/ateliermellony.com\/index.php\/wp-json\/wp\/v2\/media?parent=373"}],"curies":[{"name":"wp","href":"https:\/\/api.w.org\/{rel}","templated":true}]}}